{"id":692,"date":"2018-04-03T16:55:19","date_gmt":"2018-04-03T14:55:19","guid":{"rendered":"http:\/\/bonjourlemonde.eu\/?page_id=692"},"modified":"2018-06-15T05:37:27","modified_gmt":"2018-06-15T03:37:27","slug":"nous","status":"publish","type":"page","link":"https:\/\/bonjourlemonde.eu\/?page_id=692","title":{"rendered":"Nous"},"content":{"rendered":"<p>Voyager, d\u00e9couvrir de nouveaux lieux et cultures&#8230; OUI ! Mais nos deux p&#8217;tits apprentis baroudeurs ne se r\u00e9sument pas qu&#8217;\u00e0 \u00e7a.<\/p>\n<p>Tous deux bons vivants, aiment profiter des plaisirs simples de la vie : comme un bon repas sous le soleil d&#8217;\u00e9t\u00e9 ou pr\u00e8s d&#8217;un feu de chemin\u00e9e en hiver, tout en s&#8217;abreuvant joyeusement, entour\u00e9 de leurs amis et familles.<\/p>\n<p>Mais encore&#8230;<\/p>\n<p><strong>THOMAS<\/strong>, aime : l&#8217;Olympique de Marseille m\u00eame quand ils font une mauvaise saison ; go\u00fbter LA calzone de chaque restaurant Italien ; boire du rhum tel un pirate venant des Cara\u00efbes ; tenter &#8220;des choses&#8221; ne serais-ce que &#8220;par acquis de conscience&#8221; ; un peu geek sur les bords, DC, Marvel et DBZ n&#8217;ont plus de secret pour lui, ils les am\u00e8nent jusqu&#8217;aux toilettes !<\/p>\n<p>Il aime pas : quand il n&#8217;y plus de rhum en soir\u00e9e ; le poisson mais pas \u00e0 cause go\u00fbt juste parce qu&#8217;il doit trier les ar\u00eates (mais il se soigne) ; l&#8217;incivilit\u00e9 sur les routes et vu le nombre de kilom\u00e8tres pr\u00e9vus il risque d&#8217;\u00eatre servis.<\/p>\n<p><strong>AUDREY<\/strong>, aime : inventer de nouveaux cocktails m\u00eame si parfois ils sont rat\u00e9s ;\u00a0regarder des films et s\u00e9ries alors qu&#8217;elle va tout oublier ; prendre des photos m\u00eame si elle gal\u00e8re encore pour les r\u00e9glages ; boire du vin rouge et faire croire qu&#8217;elle s&#8217;y connait ; sentir la chaleur du soleil sur sa peau alors qu&#8217;elle rougit bien trop t\u00f4t.<\/p>\n<p>Elle aime pas : se ronger les ongles mais elle le fait quand m\u00eame ; les gens qui ne mangent pas beaucoup, ce qui lui donne l&#8217;impression d&#8217;\u00eatre une goinfre ; la voix de Nathan dans les fr\u00e8res Scott dans la version fran\u00e7aise !<\/p>\n<div id='gallery-1' class='gallery galleryid-692 gallery-columns-2 gallery-size-trawell-a2'><figure class='gallery-item'>\n\t\t\t<div class='gallery-icon landscape'>\n\t\t\t\t<a data-size=\"{&quot;w&quot;:2000,&quot;h&quot;:1333}\" href='https:\/\/bonjourlemonde.eu\/wp-content\/uploads\/2018\/04\/DSC_0104.jpg'><img width=\"585\" height=\"330\" src=\"https:\/\/bonjourlemonde.eu\/wp-content\/uploads\/2018\/04\/DSC_0104-585x330.jpg\" class=\"attachment-trawell-a2 size-trawell-a2\" alt=\"\" decoding=\"async\" loading=\"lazy\" srcset=\"https:\/\/bonjourlemonde.eu\/wp-content\/uploads\/2018\/04\/DSC_0104-585x330.jpg 585w, https:\/\/bonjourlemonde.eu\/wp-content\/uploads\/2018\/04\/DSC_0104-1200x675.jpg 1200w, https:\/\/bonjourlemonde.eu\/wp-content\/uploads\/2018\/04\/DSC_0104-800x450.jpg 800w, https:\/\/bonjourlemonde.eu\/wp-content\/uploads\/2018\/04\/DSC_0104-385x217.jpg 385w, https:\/\/bonjourlemonde.eu\/wp-content\/uploads\/2018\/04\/DSC_0104-380x214.jpg 380w, https:\/\/bonjourlemonde.eu\/wp-content\/uploads\/2018\/04\/DSC_0104-247x139.jpg 247w, https:\/\/bonjourlemonde.eu\/wp-content\/uploads\/2018\/04\/DSC_0104-278x157.jpg 278w, https:\/\/bonjourlemonde.eu\/wp-content\/uploads\/2018\/04\/DSC_0104-178x101.jpg 178w\" sizes=\"(max-width: 585px) 100vw, 585px\" \/><\/a>\n\t\t\t<\/div><\/figure><figure class='gallery-item'>\n\t\t\t<div class='gallery-icon landscape'>\n\t\t\t\t<a data-size=\"{&quot;w&quot;:960,&quot;h&quot;:638}\" href='https:\/\/bonjourlemonde.eu\/wp-content\/uploads\/2018\/06\/audrey.jpg'><img width=\"585\" height=\"330\" src=\"https:\/\/bonjourlemonde.eu\/wp-content\/uploads\/2018\/06\/audrey-585x330.jpg\" class=\"attachment-trawell-a2 size-trawell-a2\" alt=\"\" decoding=\"async\" loading=\"lazy\" srcset=\"https:\/\/bonjourlemonde.eu\/wp-content\/uploads\/2018\/06\/audrey-585x330.jpg 585w, https:\/\/bonjourlemonde.eu\/wp-content\/uploads\/2018\/06\/audrey-800x450.jpg 800w, https:\/\/bonjourlemonde.eu\/wp-content\/uploads\/2018\/06\/audrey-385x217.jpg 385w, https:\/\/bonjourlemonde.eu\/wp-content\/uploads\/2018\/06\/audrey-380x214.jpg 380w, https:\/\/bonjourlemonde.eu\/wp-content\/uploads\/2018\/06\/audrey-247x139.jpg 247w, https:\/\/bonjourlemonde.eu\/wp-content\/uploads\/2018\/06\/audrey-278x157.jpg 278w, https:\/\/bonjourlemonde.eu\/wp-content\/uploads\/2018\/06\/audrey-178x101.jpg 178w\" sizes=\"(max-width: 585px) 100vw, 585px\" \/><\/a>\n\t\t\t<\/div><\/figure>\n\t\t<\/div>\n\n","protected":false},"excerpt":{"rendered":"<p>Voyager, d\u00e9couvrir de nouveaux lieux et cultures&#8230; OUI ! Mais nos deux p&#8217;tits apprentis baroudeurs ne se r\u00e9sument pas qu&#8217;\u00e0 \u00e7a. Tous deux bons vivants, aiment profiter des plaisirs simples de la vie : comme un bon repas sous le soleil d&#8217;\u00e9t\u00e9 ou pr\u00e8s d&#8217;un feu de chemin\u00e9e en hiver, tout en s&#8217;abreuvant joyeusement, entour\u00e9 [&hellip;]<\/p>\n","protected":false},"author":1,"featured_media":805,"parent":0,"menu_order":0,"comment_status":"closed","ping_status":"closed","template":"","meta":[],"_links":{"self":[{"href":"https:\/\/bonjourlemonde.eu\/index.php?rest_route=\/wp\/v2\/pages\/692"}],"collection":[{"href":"https:\/\/bonjourlemonde.eu\/index.php?rest_route=\/wp\/v2\/pages"}],"about":[{"href":"https:\/\/bonjourlemonde.eu\/index.php?rest_route=\/wp\/v2\/types\/page"}],"author":[{"embeddable":true,"href":"https:\/\/bonjourlemonde.eu\/index.php?rest_route=\/wp\/v2\/users\/1"}],"replies":[{"embeddable":true,"href":"https:\/\/bonjourlemonde.eu\/index.php?rest_route=%2Fwp%2Fv2%2Fcomments&post=692"}],"version-history":[{"count":6,"href":"https:\/\/bonjourlemonde.eu\/index.php?rest_route=\/wp\/v2\/pages\/692\/revisions"}],"predecessor-version":[{"id":804,"href":"https:\/\/bonjourlemonde.eu\/index.php?rest_route=\/wp\/v2\/pages\/692\/revisions\/804"}],"wp:featuredmedia":[{"embeddable":true,"href":"https:\/\/bonjourlemonde.eu\/index.php?rest_route=\/wp\/v2\/media\/805"}],"wp:attachment":[{"href":"https:\/\/bonjourlemonde.eu\/index.php?rest_route=%2Fwp%2Fv2%2Fmedia&parent=692"}],"curies":[{"name":"wp","href":"https:\/\/api.w.org\/{rel}","templated":true}]}}